{"id":86,"date":"2025-11-21T19:24:41","date_gmt":"2025-11-21T18:24:41","guid":{"rendered":"https:\/\/www.cutncord.de\/?page_id=86"},"modified":"2025-11-22T16:08:10","modified_gmt":"2025-11-22T15:08:10","slug":"ueber-uns","status":"publish","type":"page","link":"https:\/\/www.cutncord.de\/index.php\/ueber-uns\/","title":{"rendered":"\u00dcber uns"},"content":{"rendered":"\n<blockquote class=\"wp-block-quote is-layout-flow wp-block-quote-is-layout-flow\">\n<p><em>&#8222;Jeder Neuanfang kommt vom Ende eines anderen Anfangs.&#8220;<\/em><\/p>\n<cite>Seneca der \u00c4ltere (54 v.Chr. &#8211; 39 n. Chr.)<\/cite><\/blockquote>\n\n\n\n<p>Wir leben in einer Welt des \u00dcberflusses. Die Textilindustrie ist f\u00fcr fast 10% der globalen CO<sub>2<\/sub> Emissionen verantwortlich &#8211; und ein Gro\u00dfteil der Textilien werden nur f\u00fcr einen Bruchteil ihres Lebens wirklich genutzt.<\/p>\n\n\n\n<p>Der gr\u00f6\u00dfte Teil davon landet nach wenigen Monaten und Jahren wieder im M\u00fcll und wird dort verbrannt (was wiederum weiteres CO<sub>2<\/sub> verursacht) oder <a href=\"https:\/\/fairwertung.de\/themen-positionen\/wege-deiner-altkleider\/\">geht in die Altkleidersammlung<\/a>.<\/p>\n\n\n\n<h3 class=\"wp-block-heading\">Wer sind wir?<\/h3>\n\n\n\n<p>Wir sind : Sarah, Leah, Lena, Alesia, Solena, Raphael, Victoria, Alina, Nina und Anna-Lena aus der Klasse 8c im <a href=\"https:\/\/www.evlgs.de\/de\/schulprofil\/Ganztagesgymnasium_ab_Klasse_5.php\">Profilfach &#8222;\u00d6konomie&#8220;<\/a> des evangelischen Lichtenstern Gymnasiums in Sachsenheim.<\/p>\n\n\n\n<h3 class=\"wp-block-heading\">Eine Firma? In der Schule?<\/h3>\n\n\n\n<p>Ja, wir lernen im Schuljahr 2025\/2026 etwas dar\u00fcber, wie Unternehmen funktionieren und auf was zu achten ist (und nat\u00fcrlich auch, welche Fehler man machen kann&#8230; )<\/p>\n\n\n\n<p>Dazu haben wir innerhalb der Firma &#8222;richtige&#8220; Abteilungen gegr\u00fcndet, die sich (wie im richtigen Unternehmen) um verschiedene Bereiche k\u00fcmmern (z.B. Finanzen, Marketing, Produktion, Unternehmensf\u00fchrung)<\/p>\n\n\n\n<h3 class=\"wp-block-heading\">Unsere Idee<\/h3>\n\n\n\n<p>Die Sch\u00fclerfirma dient einem gemeinn\u00fctzigen Zweck und soll den Sch\u00fcler*innen zeigen, wie ein Unternehmen funktioniert. Wir haben uns dazu entschieden, ein nachhaltiges Ziel zu verfolgen und haben uns dazu die Textilien ausgesucht :<\/p>\n\n\n\n<p><strong>Wir machen aus alten Textilien neue Gegenst\u00e4nde, die die aktive Lebenszeit des Stoffes deutlich verl\u00e4ngern sollen.<\/strong><\/p>\n\n\n\n<h3 class=\"wp-block-heading\">Was passiert mit dem Gewinn?<\/h3>\n\n\n\n<p>Wir d\u00fcrfen keinen Gewinn machen &#8211; und wenn, dann muss dieser einem gemeinn\u00fctzigen Zweck gespendet werden. Wohin wir spenden, werden wir im Laufe des Jahres entscheiden.<\/p>\n","protected":false},"excerpt":{"rendered":"<p>&#8222;Jeder Neuanfang kommt vom Ende eines anderen Anfangs.&#8220; Seneca der \u00c4ltere (54 v.Chr. &#8211; 39 n. Chr.) Wir leben in einer Welt des \u00dcberflusses. Die Textilindustrie ist f\u00fcr fast 10% der globalen CO2 Emissionen verantwortlich &#8211; und ein Gro\u00dfteil der Textilien werden nur f\u00fcr einen Bruchteil ihres Lebens wirklich genutzt. Der gr\u00f6\u00dfte Teil davon landet [&hellip;]<\/p>\n","protected":false},"author":1,"featured_media":0,"parent":0,"menu_order":0,"comment_status":"closed","ping_status":"closed","template":"","meta":{"footnotes":""},"class_list":["post-86","page","type-page","status-publish","hentry"],"_links":{"self":[{"href":"https:\/\/www.cutncord.de\/index.php\/wp-json\/wp\/v2\/pages\/86","targetHints":{"allow":["GET"]}}],"collection":[{"href":"https:\/\/www.cutncord.de\/index.php\/wp-json\/wp\/v2\/pages"}],"about":[{"href":"https:\/\/www.cutncord.de\/index.php\/wp-json\/wp\/v2\/types\/page"}],"author":[{"embeddable":true,"href":"https:\/\/www.cutncord.de\/index.php\/wp-json\/wp\/v2\/users\/1"}],"replies":[{"embeddable":true,"href":"https:\/\/www.cutncord.de\/index.php\/wp-json\/wp\/v2\/comments?post=86"}],"version-history":[{"count":6,"href":"https:\/\/www.cutncord.de\/index.php\/wp-json\/wp\/v2\/pages\/86\/revisions"}],"predecessor-version":[{"id":96,"href":"https:\/\/www.cutncord.de\/index.php\/wp-json\/wp\/v2\/pages\/86\/revisions\/96"}],"wp:attachment":[{"href":"https:\/\/www.cutncord.de\/index.php\/wp-json\/wp\/v2\/media?parent=86"}],"curies":[{"name":"wp","href":"https:\/\/api.w.org\/{rel}","templated":true}]}}