{"id":73,"date":"2025-11-21T18:08:03","date_gmt":"2025-11-21T17:08:03","guid":{"rendered":"https:\/\/www.cutncord.de\/?page_id=73"},"modified":"2026-01-24T10:10:16","modified_gmt":"2026-01-24T09:10:16","slug":"sponsoren","status":"publish","type":"page","link":"https:\/\/www.cutncord.de\/index.php\/sponsoren\/","title":{"rendered":"Sponsoren"},"content":{"rendered":"\n<p>Wir danken unserer Lehrerin Frau Damitz vom ELGS und unseren Eltern, die uns tatkr\u00e4ftig (z.B. mit Fahrdiensten) unterst\u00fctzen.<\/p>\n\n\n\n<p>Au\u00dferdem sehr herzlichen Dank an folgende Firmen und Personen f\u00fcr gro\u00dfz\u00fcgige Stoffspenden und Sponsoring :<\/p>\n\n\n\n<ul class=\"wp-block-list\">\n<li>JAWAD \u00c4nderungsschneiderei, Kreuzstrasse 23, Bietigheim-Bissingen<\/li>\n\n\n\n<li><a href=\"http:\/\/www.wagner-ludwigsburg.de\/\">Wagner e.K.  (Inh. Teresa Stromski)<\/a><\/li>\n\n\n\n<li><a href=\"https:\/\/stoffversand24.de\/pages\/filiale-bietigheim?srsltid=AfmBOor9d64DO1M3G9jWiBDGvh0NCeEl5PCbeCtYzS0mmnkNwVJoq4bI\">Esro-Jersey Stoffvertrieb e.K. Bietigheim<\/a><\/li>\n\n\n\n<li><a href=\"https:\/\/www.ecovis-rts.de\/steuerberater-sachsenheim.html\">Ecovis RTS Sachsenheim<\/a><br> <br><img loading=\"lazy\" decoding=\"async\" width=\"150\" height=\"54\" class=\"wp-image-115\" style=\"width: 150px;\" src=\"https:\/\/www.cutncord.de\/wp-content\/uploads\/2025\/12\/sponsor.png\" alt=\"\"><\/li>\n\n\n\n<li>Katrin Schlachter<\/li>\n\n\n\n<li>Elke Sinn<\/li>\n\n\n\n<li>Den unz\u00e4hligen Nachbarn, Freunden und Bekannten die ihre Alttextilien f\u00fcr uns durchforstet haben und somit f\u00fcr eine sinnvolle Nachnutzung sorgen.<br><br><img loading=\"lazy\" decoding=\"async\" width=\"450\" height=\"305\" class=\"wp-image-169\" style=\"width: 450px;\" src=\"https:\/\/www.cutncord.de\/wp-content\/uploads\/2026\/01\/Sammla.jpg\" alt=\"Bild einer transparenten Sammelbox. Darin sind Stoffspenden (T-Shirts, Pullis, N\u00e4hgarn, etc...)\" srcset=\"https:\/\/www.cutncord.de\/wp-content\/uploads\/2026\/01\/Sammla.jpg 1774w, https:\/\/www.cutncord.de\/wp-content\/uploads\/2026\/01\/Sammla-300x203.jpg 300w, https:\/\/www.cutncord.de\/wp-content\/uploads\/2026\/01\/Sammla-1024x694.jpg 1024w, https:\/\/www.cutncord.de\/wp-content\/uploads\/2026\/01\/Sammla-768x521.jpg 768w, https:\/\/www.cutncord.de\/wp-content\/uploads\/2026\/01\/Sammla-1536x1042.jpg 1536w\" sizes=\"auto, (max-width: 450px) 100vw, 450px\" \/><\/li>\n\n\n\n<li>Den vielen Spendern auf den Weihnachtsm\u00e4rkten die unsere Idee unterst\u00fctzen, aber gerade nichts brauchten.<br><br><\/li>\n<\/ul>\n\n\n\n<p><\/p>\n","protected":false},"excerpt":{"rendered":"<p>Wir danken unserer Lehrerin Frau Damitz vom ELGS und unseren Eltern, die uns tatkr\u00e4ftig (z.B. mit Fahrdiensten) unterst\u00fctzen. Au\u00dferdem sehr herzlichen Dank an folgende Firmen und Personen f\u00fcr gro\u00dfz\u00fcgige Stoffspenden und Sponsoring :<\/p>\n","protected":false},"author":1,"featured_media":0,"parent":0,"menu_order":0,"comment_status":"closed","ping_status":"closed","template":"","meta":{"footnotes":""},"class_list":["post-73","page","type-page","status-publish","hentry"],"_links":{"self":[{"href":"https:\/\/www.cutncord.de\/index.php\/wp-json\/wp\/v2\/pages\/73","targetHints":{"allow":["GET"]}}],"collection":[{"href":"https:\/\/www.cutncord.de\/index.php\/wp-json\/wp\/v2\/pages"}],"about":[{"href":"https:\/\/www.cutncord.de\/index.php\/wp-json\/wp\/v2\/types\/page"}],"author":[{"embeddable":true,"href":"https:\/\/www.cutncord.de\/index.php\/wp-json\/wp\/v2\/users\/1"}],"replies":[{"embeddable":true,"href":"https:\/\/www.cutncord.de\/index.php\/wp-json\/wp\/v2\/comments?post=73"}],"version-history":[{"count":14,"href":"https:\/\/www.cutncord.de\/index.php\/wp-json\/wp\/v2\/pages\/73\/revisions"}],"predecessor-version":[{"id":171,"href":"https:\/\/www.cutncord.de\/index.php\/wp-json\/wp\/v2\/pages\/73\/revisions\/171"}],"wp:attachment":[{"href":"https:\/\/www.cutncord.de\/index.php\/wp-json\/wp\/v2\/media?parent=73"}],"curies":[{"name":"wp","href":"https:\/\/api.w.org\/{rel}","templated":true}]}}