{"id":47,"date":"2025-11-15T09:47:09","date_gmt":"2025-11-15T08:47:09","guid":{"rendered":"https:\/\/www.cutncord.de\/?page_id=47"},"modified":"2025-11-16T17:08:44","modified_gmt":"2025-11-16T16:08:44","slug":"unser-blog-mit-neuen-informationen","status":"publish","type":"page","link":"https:\/\/www.cutncord.de\/index.php\/unser-blog-mit-neuen-informationen\/","title":{"rendered":"Unser Blog mit neuen Informationen"},"content":{"rendered":"<ul class=\"wp-block-latest-posts__list has-dates wp-block-latest-posts\"><li><a class=\"wp-block-latest-posts__post-title\" href=\"https:\/\/www.cutncord.de\/index.php\/2026\/01\/24\/neues-jahr-neue-produkte\/\">Neues Jahr, neue Produkte<\/a><time datetime=\"2026-01-24T10:14:52+01:00\" class=\"wp-block-latest-posts__post-date\">24. Januar 2026<\/time><div class=\"wp-block-latest-posts__post-excerpt\">Wir sammeln bereits flei\u00dfig Ideen f\u00fcr neue Produkte, die euch begeistern werden. Habt ihr W\u00fcnsche? Schreibt\u2026\u00a0<a class=\"wp-block-latest-posts__read-more\" href=\"https:\/\/www.cutncord.de\/index.php\/2026\/01\/24\/neues-jahr-neue-produkte\/\" rel=\"noopener noreferrer\"><span class=\"screen-reader-text\">Neues Jahr, neue Produkte <\/span>weiterlesen<\/a><\/div><\/li>\n<li><a class=\"wp-block-latest-posts__post-title\" href=\"https:\/\/www.cutncord.de\/index.php\/2025\/12\/13\/wir-sind-wo-seid-ihr\/\">Wir sind hier, wo seid ihr?<\/a><time datetime=\"2025-12-13T14:23:20+01:00\" class=\"wp-block-latest-posts__post-date\">13. Dezember 2025<\/time><div class=\"wp-block-latest-posts__post-excerpt\">Besucht uns heute auf dem Kleinsachsenheimer Weihnachtsmarkt! Wir sind gar nicht zu verfehlen! es wird so\u2026\u00a0<a class=\"wp-block-latest-posts__read-more\" href=\"https:\/\/www.cutncord.de\/index.php\/2025\/12\/13\/wir-sind-wo-seid-ihr\/\" rel=\"noopener noreferrer\"><span class=\"screen-reader-text\">Wir sind hier, wo seid ihr? <\/span>weiterlesen<\/a><\/div><\/li>\n<li><a class=\"wp-block-latest-posts__post-title\" href=\"https:\/\/www.cutncord.de\/index.php\/2025\/12\/07\/und-schon-der-naechste-verkaufstag\/\">&#8230;und schon der n\u00e4chste Verkaufstag&#8230;<\/a><time datetime=\"2025-12-07T11:45:28+01:00\" class=\"wp-block-latest-posts__post-date\">7. Dezember 2025<\/time><div class=\"wp-block-latest-posts__post-excerpt\">Nach dem ersten erfolgreichen Tag auf dem Besigheimer Weihnachtsmarkt sind wir heute auf gleich zwei M\u00e4rkten.\u2026\u00a0<a class=\"wp-block-latest-posts__read-more\" href=\"https:\/\/www.cutncord.de\/index.php\/2025\/12\/07\/und-schon-der-naechste-verkaufstag\/\" rel=\"noopener noreferrer\"><span class=\"screen-reader-text\">&#8230;und schon der n\u00e4chste Verkaufstag&#8230; <\/span>weiterlesen<\/a><\/div><\/li>\n<li><a class=\"wp-block-latest-posts__post-title\" href=\"https:\/\/www.cutncord.de\/index.php\/2025\/12\/04\/die-ersten-produkte-sind-schon-verkauft\/\">Die ersten Produkte sind schon verkauft<\/a><time datetime=\"2025-12-04T20:48:18+01:00\" class=\"wp-block-latest-posts__post-date\">4. Dezember 2025<\/time><div class=\"wp-block-latest-posts__post-excerpt\">Am Samstag war der Winterzauber L\u00f6chgau und wir konnten schon die ersten Erfolge feiern! Dieser Kunde\u2026\u00a0<a class=\"wp-block-latest-posts__read-more\" href=\"https:\/\/www.cutncord.de\/index.php\/2025\/12\/04\/die-ersten-produkte-sind-schon-verkauft\/\" rel=\"noopener noreferrer\"><span class=\"screen-reader-text\">Die ersten Produkte sind schon verkauft <\/span>weiterlesen<\/a><\/div><\/li>\n<li><a class=\"wp-block-latest-posts__post-title\" href=\"https:\/\/www.cutncord.de\/index.php\/2025\/11\/16\/produktionsnachmittag\/\">Produktionsnachmittag<\/a><time datetime=\"2025-11-16T17:06:58+01:00\" class=\"wp-block-latest-posts__post-date\">16. November 2025<\/time><div class=\"wp-block-latest-posts__post-excerpt\">Am gestrigen Samstagnachmittag haben wir uns alle getroffen und gemeinsam produziert, um auf den kommenden Weihnachtsm\u00e4rkten\u2026\u00a0<a class=\"wp-block-latest-posts__read-more\" href=\"https:\/\/www.cutncord.de\/index.php\/2025\/11\/16\/produktionsnachmittag\/\" rel=\"noopener noreferrer\"><span class=\"screen-reader-text\">Produktionsnachmittag <\/span>weiterlesen<\/a><\/div><\/li>\n<\/ul>\n\n\n<p><\/p>\n","protected":false},"excerpt":{"rendered":"","protected":false},"author":1,"featured_media":0,"parent":0,"menu_order":0,"comment_status":"closed","ping_status":"closed","template":"","meta":{"footnotes":""},"class_list":["post-47","page","type-page","status-publish","hentry"],"_links":{"self":[{"href":"https:\/\/www.cutncord.de\/index.php\/wp-json\/wp\/v2\/pages\/47","targetHints":{"allow":["GET"]}}],"collection":[{"href":"https:\/\/www.cutncord.de\/index.php\/wp-json\/wp\/v2\/pages"}],"about":[{"href":"https:\/\/www.cutncord.de\/index.php\/wp-json\/wp\/v2\/types\/page"}],"author":[{"embeddable":true,"href":"https:\/\/www.cutncord.de\/index.php\/wp-json\/wp\/v2\/users\/1"}],"replies":[{"embeddable":true,"href":"https:\/\/www.cutncord.de\/index.php\/wp-json\/wp\/v2\/comments?post=47"}],"version-history":[{"count":2,"href":"https:\/\/www.cutncord.de\/index.php\/wp-json\/wp\/v2\/pages\/47\/revisions"}],"predecessor-version":[{"id":69,"href":"https:\/\/www.cutncord.de\/index.php\/wp-json\/wp\/v2\/pages\/47\/revisions\/69"}],"wp:attachment":[{"href":"https:\/\/www.cutncord.de\/index.php\/wp-json\/wp\/v2\/media?parent=47"}],"curies":[{"name":"wp","href":"https:\/\/api.w.org\/{rel}","templated":true}]}}