{"id":29,"date":"2025-11-15T08:52:45","date_gmt":"2025-11-15T07:52:45","guid":{"rendered":"https:\/\/www.cutncord.de\/?page_id=29"},"modified":"2025-12-08T19:05:38","modified_gmt":"2025-12-08T18:05:38","slug":"datenschutzerklaerung-2","status":"publish","type":"page","link":"https:\/\/www.cutncord.de\/index.php\/datenschutzerklaerung-2\/","title":{"rendered":"Datenschutzerkl\u00e4rung"},"content":{"rendered":"\n<p>Der Betreiber dieser Webseite (https:\/\/www.cutncord.de) ist die Sch\u00fclerfirma der Klasse 8c des Evangelischen Lichtenstern-Gymnasiums. <br><br>Diese ist auch f\u00fcr den Inhalt der Webseite verantwortlich.<\/p>\n\n\n\n<p>Datenschutzrechtliche und technische Anfragen bitte an admin@km-micko.de<\/p>\n\n\n\n<h3 class=\"wp-block-heading\">Welche Daten erheben wir?<\/h3>\n\n\n\n<p>Diese Webseite nutzt keine externen Dienstleister zur Leistungs- oder Nutzerverhaltensanalyse.<\/p>\n\n\n\n<p>Wir verwenden keine Cookies.<br><br>Zur Gew\u00e4hrleistung eines st\u00f6rungsfreien Betriebs und einer m\u00f6glichen Verbesserung des Angebots speichern wir folgende Daten in einem Log-File<\/p>\n\n\n\n<ul class=\"wp-block-list\">\n<li>IP-Adresse<\/li>\n\n\n\n<li>Datum und Uhrzeit des Abrufs<\/li>\n\n\n\n<li>Name der aufgerufenen Webseite\/Unterseite<\/li>\n\n\n\n<li>Status der \u00dcbertragung<\/li>\n\n\n\n<li>\u00dcbertragene Datenmenge<\/li>\n\n\n\n<li>Browsername und Version<\/li>\n<\/ul>\n\n\n\n<p>Sofern wir im Rahmen dieser Datenschutzerkl\u00e4rung keine spezielle Rechtsgrundlage angeben, gilt f\u00fcr die Verarbeitung Ihrer personenbezogenen Daten folgendes: Die Rechtsgrundlage f\u00fcr die Einholung von Einwilligungen ergibt sich aus Art. 6 Abs. 1 lit. a, Art. 7 DSGVO.<\/p>\n\n\n\n<p>Die im Logfile gespeicherten Daten werden sp\u00e4testens nach sieben (7) Tagen gel\u00f6scht.<\/p>\n\n\n\n<p><\/p>\n","protected":false},"excerpt":{"rendered":"<p>Der Betreiber dieser Webseite (https:\/\/www.cutncord.de) ist die Sch\u00fclerfirma der Klasse 8c des Evangelischen Lichtenstern-Gymnasiums. Diese ist auch f\u00fcr den Inhalt der Webseite verantwortlich. Datenschutzrechtliche und technische Anfragen bitte an admin@km-micko.de Welche Daten erheben wir? Diese Webseite nutzt keine externen Dienstleister zur Leistungs- oder Nutzerverhaltensanalyse. Wir verwenden keine Cookies. Zur Gew\u00e4hrleistung eines st\u00f6rungsfreien Betriebs und einer [&hellip;]<\/p>\n","protected":false},"author":1,"featured_media":0,"parent":0,"menu_order":0,"comment_status":"closed","ping_status":"closed","template":"","meta":{"footnotes":""},"class_list":["post-29","page","type-page","status-publish","hentry"],"_links":{"self":[{"href":"https:\/\/www.cutncord.de\/index.php\/wp-json\/wp\/v2\/pages\/29","targetHints":{"allow":["GET"]}}],"collection":[{"href":"https:\/\/www.cutncord.de\/index.php\/wp-json\/wp\/v2\/pages"}],"about":[{"href":"https:\/\/www.cutncord.de\/index.php\/wp-json\/wp\/v2\/types\/page"}],"author":[{"embeddable":true,"href":"https:\/\/www.cutncord.de\/index.php\/wp-json\/wp\/v2\/users\/1"}],"replies":[{"embeddable":true,"href":"https:\/\/www.cutncord.de\/index.php\/wp-json\/wp\/v2\/comments?post=29"}],"version-history":[{"count":8,"href":"https:\/\/www.cutncord.de\/index.php\/wp-json\/wp\/v2\/pages\/29\/revisions"}],"predecessor-version":[{"id":141,"href":"https:\/\/www.cutncord.de\/index.php\/wp-json\/wp\/v2\/pages\/29\/revisions\/141"}],"wp:attachment":[{"href":"https:\/\/www.cutncord.de\/index.php\/wp-json\/wp\/v2\/media?parent=29"}],"curies":[{"name":"wp","href":"https:\/\/api.w.org\/{rel}","templated":true}]}}