{"id":26,"date":"2025-11-15T08:31:54","date_gmt":"2025-11-15T07:31:54","guid":{"rendered":"https:\/\/www.cutncord.de\/?page_id=26"},"modified":"2026-03-22T19:06:53","modified_gmt":"2026-03-22T18:06:53","slug":"veranstaltungen","status":"publish","type":"page","link":"https:\/\/www.cutncord.de\/index.php\/veranstaltungen\/","title":{"rendered":"Veranstaltungen"},"content":{"rendered":"\n<p>An diesen Terminen sind wir pers\u00f6nlich zu treffen (und nat\u00fcrlich k\u00f6nnen dort auch unsere Produkte gekauft werden!)<\/p>\n\n\n\n<p>Weihnachten ist vorbei! Und nun freuen wir uns den Fr\u00fchling (und nat\u00fcrlich das Oster-Gesch\u00e4ft).<\/p>\n\n\n\n<p>Ostern steht vor der T\u00fcr! Trefft uns am<\/p>\n\n\n\n<ul class=\"wp-block-list\">\n<li>29.03.26 von 13.00 &#8211; 18.00 Uhr beim Ostermarkt Besigheim (unser Stand ist ganz in der N\u00e4he der Sparkasse!)<\/li>\n<\/ul>\n\n\n\n<p><\/p>\n","protected":false},"excerpt":{"rendered":"<p>An diesen Terminen sind wir pers\u00f6nlich zu treffen (und nat\u00fcrlich k\u00f6nnen dort auch unsere Produkte gekauft werden!) Weihnachten ist vorbei! Und nun freuen wir uns den Fr\u00fchling (und nat\u00fcrlich das Oster-Gesch\u00e4ft). Ostern steht vor der T\u00fcr! Trefft uns am<\/p>\n","protected":false},"author":1,"featured_media":0,"parent":0,"menu_order":0,"comment_status":"closed","ping_status":"closed","template":"","meta":{"footnotes":""},"class_list":["post-26","page","type-page","status-publish","hentry"],"_links":{"self":[{"href":"https:\/\/www.cutncord.de\/index.php\/wp-json\/wp\/v2\/pages\/26","targetHints":{"allow":["GET"]}}],"collection":[{"href":"https:\/\/www.cutncord.de\/index.php\/wp-json\/wp\/v2\/pages"}],"about":[{"href":"https:\/\/www.cutncord.de\/index.php\/wp-json\/wp\/v2\/types\/page"}],"author":[{"embeddable":true,"href":"https:\/\/www.cutncord.de\/index.php\/wp-json\/wp\/v2\/users\/1"}],"replies":[{"embeddable":true,"href":"https:\/\/www.cutncord.de\/index.php\/wp-json\/wp\/v2\/comments?post=26"}],"version-history":[{"count":17,"href":"https:\/\/www.cutncord.de\/index.php\/wp-json\/wp\/v2\/pages\/26\/revisions"}],"predecessor-version":[{"id":203,"href":"https:\/\/www.cutncord.de\/index.php\/wp-json\/wp\/v2\/pages\/26\/revisions\/203"}],"wp:attachment":[{"href":"https:\/\/www.cutncord.de\/index.php\/wp-json\/wp\/v2\/media?parent=26"}],"curies":[{"name":"wp","href":"https:\/\/api.w.org\/{rel}","templated":true}]}}