{"id":185,"date":"2026-03-22T18:34:57","date_gmt":"2026-03-22T17:34:57","guid":{"rendered":"https:\/\/www.cutncord.de\/?page_id=185"},"modified":"2026-03-22T18:58:31","modified_gmt":"2026-03-22T17:58:31","slug":"unsere-produkte","status":"publish","type":"page","link":"https:\/\/www.cutncord.de\/index.php\/unsere-produkte\/","title":{"rendered":"Unsere Produkte"},"content":{"rendered":"\n<figure class=\"wp-block-gallery has-nested-images columns-default is-cropped wp-block-gallery-1 is-layout-flex wp-block-gallery-is-layout-flex\">\n<figure class=\"wp-block-image size-large\"><img loading=\"lazy\" decoding=\"async\" width=\"1024\" height=\"955\" data-id=\"183\" src=\"https:\/\/www.cutncord.de\/wp-content\/uploads\/2026\/03\/Untersetzer-Produktfoto-1024x955.jpeg\" alt=\"\" class=\"wp-image-183\" srcset=\"https:\/\/www.cutncord.de\/wp-content\/uploads\/2026\/03\/Untersetzer-Produktfoto-1024x955.jpeg 1024w, https:\/\/www.cutncord.de\/wp-content\/uploads\/2026\/03\/Untersetzer-Produktfoto-300x280.jpeg 300w, https:\/\/www.cutncord.de\/wp-content\/uploads\/2026\/03\/Untersetzer-Produktfoto-768x717.jpeg 768w, https:\/\/www.cutncord.de\/wp-content\/uploads\/2026\/03\/Untersetzer-Produktfoto-1536x1433.jpeg 1536w, https:\/\/www.cutncord.de\/wp-content\/uploads\/2026\/03\/Untersetzer-Produktfoto-2048x1911.jpeg 2048w\" sizes=\"auto, (max-width: 1024px) 100vw, 1024px\" \/><\/figure>\n<\/figure>\n\n\n\n<p>Das ist unser Hauptprodukt und ist genau das, was unseren Namen ausmacht. Denn es sind in Streifen geschnittene Textilien, die als Kordel zusammengedreht und dann vern\u00e4ht werden. Ein super Produkt, um Deinen Tisch vor hei\u00dfen T\u00f6pfen zu sch\u00fctzen.<\/p>\n\n\n\n<div class=\"wp-block-gslider-blocks-flexi-content gslider-flexi-content-wrapper gslider-flexi-content-cedaa98e inside center has-pagination\" data-swiper-settings=\"{&quot;effect&quot;:&quot;slide&quot;,&quot;breakpoints&quot;:{&quot;0&quot;:{&quot;speed&quot;:800,&quot;autoplay&quot;:false,&quot;navigation&quot;:{&quot;enabled&quot;:true},&quot;pagination&quot;:{&quot;enabled&quot;:true}},&quot;768&quot;:{&quot;speed&quot;:800,&quot;autoplay&quot;:false,&quot;navigation&quot;:{&quot;enabled&quot;:true},&quot;pagination&quot;:{&quot;enabled&quot;:true}},&quot;1025&quot;:{&quot;speed&quot;:800,&quot;autoplay&quot;:false,&quot;navigation&quot;:{&quot;enabled&quot;:true},&quot;pagination&quot;:{&quot;enabled&quot;:true}}},&quot;loop&quot;:true,&quot;autoplay&quot;:false,&quot;allowTouchMove&quot;:true,&quot;mousewheel&quot;:false,&quot;keyboard&quot;:false,&quot;navigation&quot;:{&quot;enabled&quot;:true,&quot;nextEl&quot;:&quot;.swiper-button-next&quot;,&quot;prevEl&quot;:&quot;.swiper-button-prev&quot;},&quot;pagination&quot;:{&quot;enabled&quot;:true,&quot;el&quot;:&quot;.gslider-flexi-content-cedaa98e .swiper-pagination-flexi-content&quot;,&quot;type&quot;:&quot;bullets&quot;,&quot;dynamicBullets&quot;:false,&quot;clickable&quot;:true}}\"><div class=\"swiper \"><div class=\"swiper-wrapper gslider-swiper-wrapper\">\n<div class=\"wp-block-gslider-blocks-flexi-content-item flexi-content-item swiper-slide gslider-flexi-content-item-1f385fc2\"><div class=\"gslider-content-wrapper\"><div class=\"gslider-content-inner-wrapper\">\n<figure class=\"wp-block-image size-large\"><img loading=\"lazy\" decoding=\"async\" width=\"1004\" height=\"1024\" src=\"https:\/\/www.cutncord.de\/wp-content\/uploads\/2026\/03\/Handysitzsack-Produktfoto-1004x1024.jpeg\" alt=\"\" class=\"wp-image-179\" srcset=\"https:\/\/www.cutncord.de\/wp-content\/uploads\/2026\/03\/Handysitzsack-Produktfoto-1004x1024.jpeg 1004w, https:\/\/www.cutncord.de\/wp-content\/uploads\/2026\/03\/Handysitzsack-Produktfoto-294x300.jpeg 294w, https:\/\/www.cutncord.de\/wp-content\/uploads\/2026\/03\/Handysitzsack-Produktfoto-768x783.jpeg 768w, https:\/\/www.cutncord.de\/wp-content\/uploads\/2026\/03\/Handysitzsack-Produktfoto-1507x1536.jpeg 1507w, https:\/\/www.cutncord.de\/wp-content\/uploads\/2026\/03\/Handysitzsack-Produktfoto.jpeg 1536w\" sizes=\"auto, (max-width: 1004px) 100vw, 1004px\" \/><figcaption class=\"wp-element-caption\">Handysitzsack<\/figcaption><\/figure>\n<\/div><\/div><\/div>\n\n\n\n<div class=\"wp-block-gslider-blocks-flexi-content-item flexi-content-item swiper-slide gslider-flexi-content-item-ea9f796a\"><div class=\"gslider-content-wrapper\"><div class=\"gslider-content-inner-wrapper\">\n<p>Der Handy-Sitzsack ist die ideale Erg\u00e4nzung f\u00fcr<br>Deinen Schreibtisch. So liegt es nicht<br>mehr herum und Du hast immer alles<br>im Blick.<br><br>Der perfekte Begleiter f\u00fcr die Ordnung <br>auf dem Tisch <br>ist unser M\u00e4ppchen!<br><\/p>\n<\/div><\/div><\/div>\n\n\n\n<div class=\"wp-block-gslider-blocks-flexi-content-item flexi-content-item swiper-slide gslider-flexi-content-item-0b1869ed\"><div class=\"gslider-content-wrapper\"><div class=\"gslider-content-inner-wrapper\">\n<figure class=\"wp-block-image size-large\"><img loading=\"lazy\" decoding=\"async\" width=\"999\" height=\"1024\" src=\"https:\/\/www.cutncord.de\/wp-content\/uploads\/2026\/03\/Maeppchen-Produktfoto-999x1024.jpeg\" alt=\"\" class=\"wp-image-180\" srcset=\"https:\/\/www.cutncord.de\/wp-content\/uploads\/2026\/03\/Maeppchen-Produktfoto-999x1024.jpeg 999w, https:\/\/www.cutncord.de\/wp-content\/uploads\/2026\/03\/Maeppchen-Produktfoto-293x300.jpeg 293w, https:\/\/www.cutncord.de\/wp-content\/uploads\/2026\/03\/Maeppchen-Produktfoto-768x787.jpeg 768w, https:\/\/www.cutncord.de\/wp-content\/uploads\/2026\/03\/Maeppchen-Produktfoto-1498x1536.jpeg 1498w, https:\/\/www.cutncord.de\/wp-content\/uploads\/2026\/03\/Maeppchen-Produktfoto-1998x2048.jpeg 1998w\" sizes=\"auto, (max-width: 999px) 100vw, 999px\" \/><figcaption class=\"wp-element-caption\">M\u00e4ppchen<\/figcaption><\/figure>\n<\/div><\/div><\/div>\n<\/div><div class=\"gslider-navigation-default-icon-wrapper inside center\"><div class=\"swiper-button-prev\" role=\"button\" tabindex=\"0\" aria-label=\"Previous slide\"><\/div><div class=\"swiper-button-next\" role=\"button\" tabindex=\"0\" aria-label=\"Next slide\"><\/div><\/div><div class=\"swiper-pagination swiper-pagination-flexi-content\" aria-label=\"Carousel pagination\"><\/div><\/div><\/div>\n\n\n\n<figure class=\"wp-block-gallery has-nested-images columns-default is-cropped wp-block-gallery-2 is-layout-flex wp-block-gallery-is-layout-flex\">\n<figure class=\"wp-block-image size-large\"><img loading=\"lazy\" decoding=\"async\" width=\"1024\" height=\"1010\" data-id=\"184\" src=\"https:\/\/www.cutncord.de\/wp-content\/uploads\/2026\/03\/Schleifen-Anhaenger-Produktfotos-1024x1010.jpeg\" alt=\"\" class=\"wp-image-184\" srcset=\"https:\/\/www.cutncord.de\/wp-content\/uploads\/2026\/03\/Schleifen-Anhaenger-Produktfotos-1024x1010.jpeg 1024w, https:\/\/www.cutncord.de\/wp-content\/uploads\/2026\/03\/Schleifen-Anhaenger-Produktfotos-300x296.jpeg 300w, https:\/\/www.cutncord.de\/wp-content\/uploads\/2026\/03\/Schleifen-Anhaenger-Produktfotos-768x758.jpeg 768w, https:\/\/www.cutncord.de\/wp-content\/uploads\/2026\/03\/Schleifen-Anhaenger-Produktfotos-1536x1515.jpeg 1536w, https:\/\/www.cutncord.de\/wp-content\/uploads\/2026\/03\/Schleifen-Anhaenger-Produktfotos-2048x2021.jpeg 2048w\" sizes=\"auto, (max-width: 1024px) 100vw, 1024px\" \/><\/figure>\n\n\n\n<figure class=\"wp-block-image size-large\"><img loading=\"lazy\" decoding=\"async\" width=\"1024\" height=\"860\" data-id=\"182\" src=\"https:\/\/www.cutncord.de\/wp-content\/uploads\/2026\/03\/Wiederverwendbare-Wattepads-Produktfoto-1024x860.jpeg\" alt=\"\" class=\"wp-image-182\" srcset=\"https:\/\/www.cutncord.de\/wp-content\/uploads\/2026\/03\/Wiederverwendbare-Wattepads-Produktfoto-1024x860.jpeg 1024w, https:\/\/www.cutncord.de\/wp-content\/uploads\/2026\/03\/Wiederverwendbare-Wattepads-Produktfoto-300x252.jpeg 300w, https:\/\/www.cutncord.de\/wp-content\/uploads\/2026\/03\/Wiederverwendbare-Wattepads-Produktfoto-768x645.jpeg 768w, https:\/\/www.cutncord.de\/wp-content\/uploads\/2026\/03\/Wiederverwendbare-Wattepads-Produktfoto-1536x1289.jpeg 1536w, https:\/\/www.cutncord.de\/wp-content\/uploads\/2026\/03\/Wiederverwendbare-Wattepads-Produktfoto-2048x1719.jpeg 2048w\" sizes=\"auto, (max-width: 1024px) 100vw, 1024px\" \/><\/figure>\n<\/figure>\n\n\n\n<figure class=\"wp-block-image size-large\"><img loading=\"lazy\" decoding=\"async\" width=\"1024\" height=\"943\" src=\"https:\/\/www.cutncord.de\/wp-content\/uploads\/2026\/03\/Stirnbaender-Produktfoto-1024x943.jpeg\" alt=\"\" class=\"wp-image-181\" srcset=\"https:\/\/www.cutncord.de\/wp-content\/uploads\/2026\/03\/Stirnbaender-Produktfoto-1024x943.jpeg 1024w, https:\/\/www.cutncord.de\/wp-content\/uploads\/2026\/03\/Stirnbaender-Produktfoto-300x276.jpeg 300w, https:\/\/www.cutncord.de\/wp-content\/uploads\/2026\/03\/Stirnbaender-Produktfoto-768x707.jpeg 768w, https:\/\/www.cutncord.de\/wp-content\/uploads\/2026\/03\/Stirnbaender-Produktfoto-1536x1415.jpeg 1536w, https:\/\/www.cutncord.de\/wp-content\/uploads\/2026\/03\/Stirnbaender-Produktfoto-2048x1887.jpeg 2048w\" sizes=\"auto, (max-width: 1024px) 100vw, 1024px\" \/><\/figure>\n","protected":false},"excerpt":{"rendered":"<p>Das ist unser Hauptprodukt und ist genau das, was unseren Namen ausmacht. Denn es sind in Streifen geschnittene Textilien, die als Kordel zusammengedreht und dann vern\u00e4ht werden. Ein super Produkt, um Deinen Tisch vor hei\u00dfen T\u00f6pfen zu sch\u00fctzen.<\/p>\n","protected":false},"author":1,"featured_media":0,"parent":0,"menu_order":0,"comment_status":"closed","ping_status":"closed","template":"","meta":{"footnotes":""},"class_list":["post-185","page","type-page","status-publish","hentry"],"_links":{"self":[{"href":"https:\/\/www.cutncord.de\/index.php\/wp-json\/wp\/v2\/pages\/185","targetHints":{"allow":["GET"]}}],"collection":[{"href":"https:\/\/www.cutncord.de\/index.php\/wp-json\/wp\/v2\/pages"}],"about":[{"href":"https:\/\/www.cutncord.de\/index.php\/wp-json\/wp\/v2\/types\/page"}],"author":[{"embeddable":true,"href":"https:\/\/www.cutncord.de\/index.php\/wp-json\/wp\/v2\/users\/1"}],"replies":[{"embeddable":true,"href":"https:\/\/www.cutncord.de\/index.php\/wp-json\/wp\/v2\/comments?post=185"}],"version-history":[{"count":8,"href":"https:\/\/www.cutncord.de\/index.php\/wp-json\/wp\/v2\/pages\/185\/revisions"}],"predecessor-version":[{"id":199,"href":"https:\/\/www.cutncord.de\/index.php\/wp-json\/wp\/v2\/pages\/185\/revisions\/199"}],"wp:attachment":[{"href":"https:\/\/www.cutncord.de\/index.php\/wp-json\/wp\/v2\/media?parent=185"}],"curies":[{"name":"wp","href":"https:\/\/api.w.org\/{rel}","templated":true}]}}