{"id":129,"date":"2025-12-08T18:51:43","date_gmt":"2025-12-08T17:51:43","guid":{"rendered":"https:\/\/www.cutncord.de\/?page_id=129"},"modified":"2025-12-08T19:05:15","modified_gmt":"2025-12-08T18:05:15","slug":"impressum","status":"publish","type":"page","link":"https:\/\/www.cutncord.de\/index.php\/impressum\/","title":{"rendered":"Impressum"},"content":{"rendered":"\n<h2 class=\"wp-block-heading\"><strong>Anbieter<\/strong><\/h2>\n\n\n\n<p>Cut n&#8216; Cord &#8211; eine Sch\u00fclerfirma am<\/p>\n\n\n\n<p>Evangelisches Lichtenstern-Gymnasium<br>Ludwigsburger Strasse 34<br>74343 Sachsenheim<br>Tel. : 07147\/9940<br><br>Schulleitung : Helmut Dinkel<\/p>\n\n\n\n<h2 class=\"wp-block-heading\"><strong>Redaktionelle Verantwortung<\/strong><\/h2>\n\n\n\n<p>Evangelisches Lichtenstern-Gymnasium<br>Ludwigsburger Strasse 34<br>74343 Sachsenheim<br><br>Die Sch\u00fclerfirma ist \u00fcber folgende Kontaktdaten zu erreichen:<br><br>cutncord.schuelerfirma@web.de<br><br>Das Impressum gilt f\u00fcr www.cutncord.de.<\/p>\n\n\n\n<h2 class=\"wp-block-heading\"><strong>Haftungsausschluss<\/strong><\/h2>\n\n\n\n<p>Alle auf dieser Seite bereitgestellten Informationen haben wir nach bestem Wissen und Gewissen erarbeitet und gepr\u00fcft. Eine Gew\u00e4hr f\u00fcr die jederzeitige Aktualit\u00e4t, Richtigkeit, Vollst\u00e4ndigkeit und Verf\u00fcgbarkeit der bereitgestellten Informationen k\u00f6nnen wir allerdings nicht \u00fcbernehmen. Ein Vertragsverh\u00e4ltnis mit den Nutzern unseres Internetangebots kommt nicht zustande. Wir haften nicht f\u00fcr Sch\u00e4den, die durch die Nutzung dieses Internetangebots entstehen. F\u00fcr etwaige Sch\u00e4den, die beim Aufrufen oder Herunterladen von Daten durch Schadsoftware oder bei der Installation oder Nutzung von Software verursacht werden, wird nicht gehaftet.<\/p>\n\n\n\n<h2 class=\"wp-block-heading\">Links<\/h2>\n\n\n\n<p>Diese Website enth\u00e4lt Verkn\u00fcpfungen zu Websites Dritter (&#8222;externe Links&#8220;). Diese Websites unterliegen der Haftung der jeweiligen Betreiber. Der Anbieter hat bei der erstmaligen Verkn\u00fcpfung der externen Links die fremden Inhalte daraufhin \u00fcberpr\u00fcft, ob etwaige Rechtsverst\u00f6\u00dfe bestehen. Zu dem Zeitpunkt waren keine Rechtsverst\u00f6\u00dfe ersichtlich. Der Anbieter hat keinerlei Einfluss auf die aktuelle und zuk\u00fcnftige Gestaltung und auf die Inhalte der verkn\u00fcpften Seiten. Das Setzen von externen Links bedeutet nicht, dass sich der Anbieter die hinter dem Verweis oder Link liegenden Inhalte zu eigen macht. Eine st\u00e4ndige Kontrolle der externen Links ist f\u00fcr den Anbieter ohne konkrete Hinweise auf Rechtsverst\u00f6\u00dfe nicht zumutbar. Bei Kenntnis von Rechtsverst\u00f6\u00dfen werden jedoch derartige externe Links unverz\u00fcglich gel\u00f6scht. F\u00fcr illegale, fehlerhafte oder unvollst\u00e4ndige Inhalte und insbesondere f\u00fcr Sch\u00e4den, die aus der Nutzung oder Nichtnutzung von Informationen Dritter entstehen, haftet allein der jeweilige Anbieter der Seite.<br><\/p>\n\n\n\n<h2 class=\"wp-block-heading\">Urheberrecht<\/h2>\n\n\n\n<p><br>Die durch die Seitenbetreiber erstellten Inhalte und Werke auf unseren Seiten unterliegen dem deutschen Urheberrecht. Jede vom deutschen Urheber- und Leistungsschutzrecht nicht zugelassene Verwertung bedarf der vorherigen schriftlichen Zustimmung des Anbieters oder jeweiligen Rechteinhabers. Downloads und Kopien dieser Seite sind nur f\u00fcr den privaten, nicht kommerziellen Gebrauch gestattet. Soweit die Inhalte auf dieser Seite nicht vom Betreiber erstellt wurden, werden die Urheberrechte Dritter beachtet. Insbesondere werden Inhalte Dritter als solche gekennzeichnet. Sollten Sie trotzdem auf eine Urheberrechtsverletzung aufmerksam werden, bitten wir um einen entsprechenden Hinweis. Bei Bekanntwerden von Rechtsverletzungen werden wir derartige Inhalte umgehend entfernen. Die Darstellung dieser Website in fremden Frames ist nur mit schriftlicher Erlaubnis zul\u00e4ssig.<\/p>\n","protected":false},"excerpt":{"rendered":"<p>Anbieter Cut n&#8216; Cord &#8211; eine Sch\u00fclerfirma am Evangelisches Lichtenstern-GymnasiumLudwigsburger Strasse 3474343 SachsenheimTel. : 07147\/9940 Schulleitung : Helmut Dinkel Redaktionelle Verantwortung Evangelisches Lichtenstern-GymnasiumLudwigsburger Strasse 3474343 Sachsenheim Die Sch\u00fclerfirma ist \u00fcber folgende Kontaktdaten zu erreichen: cutncord.schuelerfirma@web.de Das Impressum gilt f\u00fcr www.cutncord.de. Haftungsausschluss Alle auf dieser Seite bereitgestellten Informationen haben wir nach bestem Wissen und Gewissen erarbeitet [&hellip;]<\/p>\n","protected":false},"author":1,"featured_media":0,"parent":0,"menu_order":0,"comment_status":"closed","ping_status":"closed","template":"","meta":{"footnotes":""},"class_list":["post-129","page","type-page","status-publish","hentry"],"_links":{"self":[{"href":"https:\/\/www.cutncord.de\/index.php\/wp-json\/wp\/v2\/pages\/129","targetHints":{"allow":["GET"]}}],"collection":[{"href":"https:\/\/www.cutncord.de\/index.php\/wp-json\/wp\/v2\/pages"}],"about":[{"href":"https:\/\/www.cutncord.de\/index.php\/wp-json\/wp\/v2\/types\/page"}],"author":[{"embeddable":true,"href":"https:\/\/www.cutncord.de\/index.php\/wp-json\/wp\/v2\/users\/1"}],"replies":[{"embeddable":true,"href":"https:\/\/www.cutncord.de\/index.php\/wp-json\/wp\/v2\/comments?post=129"}],"version-history":[{"count":2,"href":"https:\/\/www.cutncord.de\/index.php\/wp-json\/wp\/v2\/pages\/129\/revisions"}],"predecessor-version":[{"id":140,"href":"https:\/\/www.cutncord.de\/index.php\/wp-json\/wp\/v2\/pages\/129\/revisions\/140"}],"wp:attachment":[{"href":"https:\/\/www.cutncord.de\/index.php\/wp-json\/wp\/v2\/media?parent=129"}],"curies":[{"name":"wp","href":"https:\/\/api.w.org\/{rel}","templated":true}]}}